{"id":141,"date":"2023-10-07T15:17:16","date_gmt":"2023-10-07T15:17:16","guid":{"rendered":"https:\/\/ws-ar.com\/?page_id=141"},"modified":"2023-10-17T21:08:45","modified_gmt":"2023-10-17T21:08:45","slug":"ups","status":"publish","type":"page","link":"https:\/\/ws-ar.com\/index.php\/ups\/","title":{"rendered":"UPS"},"content":{"rendered":"\t\t<div data-elementor-type=\"wp-page\" data-elementor-id=\"141\" class=\"elementor elementor-141\" data-elementor-post-type=\"page\">\n\t\t\t\t\t\t\t\t\t<section class=\"elementor-section elementor-top-section elementor-element elementor-element-79264f0f elementor-section-boxed elementor-section-height-default elementor-section-height-default\" data-id=\"79264f0f\" data-element_type=\"section\">\n\t\t\t\t\t\t<div class=\"elementor-container elementor-column-gap-default\">\n\t\t\t\t\t<div class=\"elementor-column elementor-col-100 elementor-top-column elementor-element elementor-element-3696e722\" data-id=\"3696e722\" data-element_type=\"column\">\n\t\t\t<div class=\"elementor-widget-wrap elementor-element-populated\">\n\t\t\t\t\t\t\t\t<div class=\"elementor-element elementor-element-4bba308f elementor-widget elementor-widget-heading\" data-id=\"4bba308f\" data-element_type=\"widget\" data-widget_type=\"heading.default\">\n\t\t\t\t<div class=\"elementor-widget-container\">\n\t\t\t<style>\/*! elementor - v3.16.0 - 20-09-2023 *\/\n.elementor-heading-title{padding:0;margin:0;line-height:1}.elementor-widget-heading .elementor-heading-title[class*=elementor-size-]>a{color:inherit;font-size:inherit;line-height:inherit}.elementor-widget-heading .elementor-heading-title.elementor-size-small{font-size:15px}.elementor-widget-heading .elementor-heading-title.elementor-size-medium{font-size:19px}.elementor-widget-heading .elementor-heading-title.elementor-size-large{font-size:29px}.elementor-widget-heading .elementor-heading-title.elementor-size-xl{font-size:39px}.elementor-widget-heading .elementor-heading-title.elementor-size-xxl{font-size:59px}<\/style><h2 class=\"elementor-heading-title elementor-size-default\">UPS<\/h2>\t\t<\/div>\n\t\t\t\t<\/div>\n\t\t\t\t\t<\/div>\n\t\t<\/div>\n\t\t\t\t\t\t\t<\/div>\n\t\t<\/section>\n\t\t\t\t<section class=\"elementor-section elementor-top-section elementor-element elementor-element-23858807 elementor-section-boxed elementor-section-height-default elementor-section-height-default\" data-id=\"23858807\" data-element_type=\"section\">\n\t\t\t\t\t\t<div class=\"elementor-container elementor-column-gap-default\">\n\t\t\t\t\t<div class=\"elementor-column elementor-col-33 elementor-top-column elementor-element elementor-element-73541b29\" data-id=\"73541b29\" data-element_type=\"column\">\n\t\t\t<div class=\"elementor-widget-wrap elementor-element-populated\">\n\t\t\t\t\t\t\t\t<div class=\"elementor-element elementor-element-3be6fac2 elementor-cta--skin-classic elementor-animated-content elementor-bg-transform elementor-bg-transform-zoom-in elementor-widget elementor-widget-call-to-action\" data-id=\"3be6fac2\" data-element_type=\"widget\" data-widget_type=\"call-to-action.default\">\n\t\t\t\t<div class=\"elementor-widget-container\">\n\t\t\t<link rel=\"stylesheet\" href=\"https:\/\/ws-ar.com\/wp-content\/plugins\/elementor-pro\/assets\/css\/widget-call-to-action.min.css\">\t\t<div class=\"elementor-cta\">\n\t\t\t\t\t<div class=\"elementor-cta__bg-wrapper\">\n\t\t\t\t<div class=\"elementor-cta__bg elementor-bg\" style=\"background-image: url(https:\/\/ws-ar.com\/wp-content\/uploads\/2023\/09\/upslitio.png);\" role=\"img\" aria-label=\"upslitio\"><\/div>\n\t\t\t\t<div class=\"elementor-cta__bg-overlay\"><\/div>\n\t\t\t<\/div>\n\t\t\t\t\t\t\t<div class=\"elementor-cta__content\">\n\t\t\t\t\n\t\t\t\t\t\t\t\t\t<h2 class=\"elementor-cta__title elementor-cta__content-item elementor-content-item\">\n\t\t\t\t\t\tUPS Kaise Modular\t\t\t\t\t<\/h2>\n\t\t\t\t\n\t\t\t\t\t\t\t\t\t<div class=\"elementor-cta__description elementor-cta__content-item elementor-content-item\">\n\t\t\t\t\t\tSistema con bater\u00edas de litio disponible en potencias de 40kVA a 150kVA.\t\t\t\t\t<\/div>\n\t\t\t\t\n\t\t\t\t\t\t\t\t\t<div class=\"elementor-cta__button-wrapper elementor-cta__content-item elementor-content-item \">\n\t\t\t\t\t<a class=\"elementor-cta__button elementor-button elementor-size-sm\" href=\"https:\/\/ws-ar.com\/wp-content\/uploads\/2023\/09\/UPS40150LIKAI.pdf\" target=\"_blank\">\n\t\t\t\t\t\tMas Informaci\u00f3n\t\t\t\t\t<\/a>\n\t\t\t\t\t<\/div>\n\t\t\t\t\t\t\t<\/div>\n\t\t\t\t\t\t<\/div>\n\t\t\t\t<\/div>\n\t\t\t\t<\/div>\n\t\t\t\t\t<\/div>\n\t\t<\/div>\n\t\t\t\t<div class=\"elementor-column elementor-col-33 elementor-top-column elementor-element elementor-element-6c30613a\" data-id=\"6c30613a\" data-element_type=\"column\">\n\t\t\t<div class=\"elementor-widget-wrap elementor-element-populated\">\n\t\t\t\t\t\t\t\t<div class=\"elementor-element elementor-element-268cab43 elementor-cta--skin-classic elementor-animated-content elementor-bg-transform elementor-bg-transform-zoom-in elementor-widget elementor-widget-call-to-action\" data-id=\"268cab43\" data-element_type=\"widget\" data-widget_type=\"call-to-action.default\">\n\t\t\t\t<div class=\"elementor-widget-container\">\n\t\t\t\t\t<div class=\"elementor-cta\">\n\t\t\t\t\t<div class=\"elementor-cta__bg-wrapper\">\n\t\t\t\t<div class=\"elementor-cta__bg elementor-bg\" style=\"background-image: url(https:\/\/ws-ar.com\/wp-content\/uploads\/2023\/09\/ups1-3t-1024x689.png);\" role=\"img\" aria-label=\"ups1-3t\"><\/div>\n\t\t\t\t<div class=\"elementor-cta__bg-overlay\"><\/div>\n\t\t\t<\/div>\n\t\t\t\t\t\t\t<div class=\"elementor-cta__content\">\n\t\t\t\t\n\t\t\t\t\t\t\t\t\t<h2 class=\"elementor-cta__title elementor-cta__content-item elementor-content-item\">\n\t\t\t\t\t\tUPS Kaise 1-3 kVA\t\t\t\t\t<\/h2>\n\t\t\t\t\n\t\t\t\t\t\t\t\t\t<div class=\"elementor-cta__description elementor-cta__content-item elementor-content-item\">\n\t\t\t\t\t\tDisponible en potencias de 1 a 3 kVA, Tower, online doble conversi\u00f3n.\t\t\t\t\t<\/div>\n\t\t\t\t\n\t\t\t\t\t\t\t\t\t<div class=\"elementor-cta__button-wrapper elementor-cta__content-item elementor-content-item \">\n\t\t\t\t\t<a class=\"elementor-cta__button elementor-button elementor-size-sm\" href=\"https:\/\/ws-ar.com\/wp-content\/uploads\/2023\/09\/Kaise-UPS-1-3kVA.pdf\">\n\t\t\t\t\t\tMas Informaci\u00f3n\t\t\t\t\t<\/a>\n\t\t\t\t\t<\/div>\n\t\t\t\t\t\t\t<\/div>\n\t\t\t\t\t\t<\/div>\n\t\t\t\t<\/div>\n\t\t\t\t<\/div>\n\t\t\t\t\t<\/div>\n\t\t<\/div>\n\t\t\t\t<div class=\"elementor-column elementor-col-33 elementor-top-column elementor-element elementor-element-7e5dbf96\" data-id=\"7e5dbf96\" data-element_type=\"column\">\n\t\t\t<div class=\"elementor-widget-wrap elementor-element-populated\">\n\t\t\t\t\t\t\t\t<div class=\"elementor-element elementor-element-4321995d elementor-cta--skin-classic elementor-animated-content elementor-bg-transform elementor-bg-transform-zoom-in elementor-widget elementor-widget-call-to-action\" data-id=\"4321995d\" data-element_type=\"widget\" data-widget_type=\"call-to-action.default\">\n\t\t\t\t<div class=\"elementor-widget-container\">\n\t\t\t\t\t<div class=\"elementor-cta\">\n\t\t\t\t\t<div class=\"elementor-cta__bg-wrapper\">\n\t\t\t\t<div class=\"elementor-cta__bg elementor-bg\" style=\"background-image: url(https:\/\/ws-ar.com\/wp-content\/uploads\/2023\/09\/upsrt.png);\" role=\"img\" aria-label=\"upsrt\"><\/div>\n\t\t\t\t<div class=\"elementor-cta__bg-overlay\"><\/div>\n\t\t\t<\/div>\n\t\t\t\t\t\t\t<div class=\"elementor-cta__content\">\n\t\t\t\t\n\t\t\t\t\t\t\t\t\t<h2 class=\"elementor-cta__title elementor-cta__content-item elementor-content-item\">\n\t\t\t\t\t\tUPS Kaise 6-10 kVA RT\t\t\t\t\t<\/h2>\n\t\t\t\t\n\t\t\t\t\t\t\t\t\t<div class=\"elementor-cta__description elementor-cta__content-item elementor-content-item\">\n\t\t\t\t\t\tDise\u00f1o convertible en rack o tower. Potencias de 6 a 10 kVA.\t\t\t\t\t<\/div>\n\t\t\t\t\n\t\t\t\t\t\t\t\t\t<div class=\"elementor-cta__button-wrapper elementor-cta__content-item elementor-content-item \">\n\t\t\t\t\t<a class=\"elementor-cta__button elementor-button elementor-size-sm\" href=\"https:\/\/ws-ar.com\/wp-content\/uploads\/2023\/09\/Kaise-UPS-6-10-RT.pdf\">\n\t\t\t\t\t\tMas Informaci\u00f3n\t\t\t\t\t<\/a>\n\t\t\t\t\t<\/div>\n\t\t\t\t\t\t\t<\/div>\n\t\t\t\t\t\t<\/div>\n\t\t\t\t<\/div>\n\t\t\t\t<\/div>\n\t\t\t\t\t<\/div>\n\t\t<\/div>\n\t\t\t\t\t\t\t<\/div>\n\t\t<\/section>\n\t\t\t\t\t\t\t<\/div>\n\t\t","protected":false},"excerpt":{"rendered":"<p>UPS UPS Kaise Modular Sistema con bater\u00edas de litio disponible en potencias de 40kVA a 150kVA. Mas Informaci\u00f3n UPS Kaise 1-3 kVA Disponible en potencias de 1 a 3 kVA, Tower, online doble conversi\u00f3n. Mas Informaci\u00f3n UPS Kaise 6-10 kVA RT Dise\u00f1o convertible en rack o tower. Potencias de 6&#8230;<\/p>\n","protected":false},"author":1,"featured_media":0,"parent":0,"menu_order":0,"comment_status":"closed","ping_status":"closed","template":"elementor_header_footer","meta":{"footnotes":""},"yoast_head":"<!-- This site is optimized with the Yoast SEO plugin v21.3 - https:\/\/yoast.com\/wordpress\/plugins\/seo\/ -->\n<title>UPS - Wave Services<\/title>\n<meta name=\"robots\" content=\"index, follow, max-snippet:-1, max-image-preview:large, max-video-preview:-1\" \/>\n<link rel=\"canonical\" href=\"https:\/\/ws-ar.com\/index.php\/ups\/\" \/>\n<meta property=\"og:locale\" content=\"en_US\" \/>\n<meta property=\"og:type\" content=\"article\" \/>\n<meta property=\"og:title\" content=\"UPS - Wave Services\" \/>\n<meta property=\"og:description\" content=\"UPS UPS Kaise Modular Sistema con bater\u00edas de litio disponible en potencias de 40kVA a 150kVA. Mas Informaci\u00f3n UPS Kaise 1-3 kVA Disponible en potencias de 1 a 3 kVA, Tower, online doble conversi\u00f3n. Mas Informaci\u00f3n UPS Kaise 6-10 kVA RT Dise\u00f1o convertible en rack o tower. Potencias de 6...\" \/>\n<meta property=\"og:url\" content=\"https:\/\/ws-ar.com\/index.php\/ups\/\" \/>\n<meta property=\"og:site_name\" content=\"Wave Services\" \/>\n<meta property=\"article:modified_time\" content=\"2023-10-17T21:08:45+00:00\" \/>\n<meta name=\"twitter:card\" content=\"summary_large_image\" \/>\n<meta name=\"twitter:label1\" content=\"Est. reading time\" \/>\n\t<meta name=\"twitter:data1\" content=\"1 minute\" \/>\n<script type=\"application\/ld+json\" class=\"yoast-schema-graph\">{\"@context\":\"https:\/\/schema.org\",\"@graph\":[{\"@type\":\"WebPage\",\"@id\":\"https:\/\/ws-ar.com\/index.php\/ups\/\",\"url\":\"https:\/\/ws-ar.com\/index.php\/ups\/\",\"name\":\"UPS - Wave Services\",\"isPartOf\":{\"@id\":\"https:\/\/ws-ar.com\/#website\"},\"datePublished\":\"2023-10-07T15:17:16+00:00\",\"dateModified\":\"2023-10-17T21:08:45+00:00\",\"breadcrumb\":{\"@id\":\"https:\/\/ws-ar.com\/index.php\/ups\/#breadcrumb\"},\"inLanguage\":\"en-US\",\"potentialAction\":[{\"@type\":\"ReadAction\",\"target\":[\"https:\/\/ws-ar.com\/index.php\/ups\/\"]}]},{\"@type\":\"BreadcrumbList\",\"@id\":\"https:\/\/ws-ar.com\/index.php\/ups\/#breadcrumb\",\"itemListElement\":[{\"@type\":\"ListItem\",\"position\":1,\"name\":\"Home\",\"item\":\"https:\/\/ws-ar.com\/\"},{\"@type\":\"ListItem\",\"position\":2,\"name\":\"UPS\"}]},{\"@type\":\"WebSite\",\"@id\":\"https:\/\/ws-ar.com\/#website\",\"url\":\"https:\/\/ws-ar.com\/\",\"name\":\"Wave Services\",\"description\":\"\",\"publisher\":{\"@id\":\"https:\/\/ws-ar.com\/#organization\"},\"potentialAction\":[{\"@type\":\"SearchAction\",\"target\":{\"@type\":\"EntryPoint\",\"urlTemplate\":\"https:\/\/ws-ar.com\/?s={search_term_string}\"},\"query-input\":\"required name=search_term_string\"}],\"inLanguage\":\"en-US\"},{\"@type\":\"Organization\",\"@id\":\"https:\/\/ws-ar.com\/#organization\",\"name\":\"Wave Services\",\"url\":\"https:\/\/ws-ar.com\/\",\"logo\":{\"@type\":\"ImageObject\",\"inLanguage\":\"en-US\",\"@id\":\"https:\/\/ws-ar.com\/#\/schema\/logo\/image\/\",\"url\":\"https:\/\/ws-ar.com\/wp-content\/uploads\/2023\/09\/Logo-WS.png\",\"contentUrl\":\"https:\/\/ws-ar.com\/wp-content\/uploads\/2023\/09\/Logo-WS.png\",\"width\":214,\"height\":107,\"caption\":\"Wave Services\"},\"image\":{\"@id\":\"https:\/\/ws-ar.com\/#\/schema\/logo\/image\/\"}}]}<\/script>\n<!-- \/ Yoast SEO plugin. -->","yoast_head_json":{"title":"UPS - Wave Services","robots":{"index":"index","follow":"follow","max-snippet":"max-snippet:-1","max-image-preview":"max-image-preview:large","max-video-preview":"max-video-preview:-1"},"canonical":"https:\/\/ws-ar.com\/index.php\/ups\/","og_locale":"en_US","og_type":"article","og_title":"UPS - Wave Services","og_description":"UPS UPS Kaise Modular Sistema con bater\u00edas de litio disponible en potencias de 40kVA a 150kVA. Mas Informaci\u00f3n UPS Kaise 1-3 kVA Disponible en potencias de 1 a 3 kVA, Tower, online doble conversi\u00f3n. Mas Informaci\u00f3n UPS Kaise 6-10 kVA RT Dise\u00f1o convertible en rack o tower. Potencias de 6...","og_url":"https:\/\/ws-ar.com\/index.php\/ups\/","og_site_name":"Wave Services","article_modified_time":"2023-10-17T21:08:45+00:00","twitter_card":"summary_large_image","twitter_misc":{"Est. reading time":"1 minute"},"schema":{"@context":"https:\/\/schema.org","@graph":[{"@type":"WebPage","@id":"https:\/\/ws-ar.com\/index.php\/ups\/","url":"https:\/\/ws-ar.com\/index.php\/ups\/","name":"UPS - Wave Services","isPartOf":{"@id":"https:\/\/ws-ar.com\/#website"},"datePublished":"2023-10-07T15:17:16+00:00","dateModified":"2023-10-17T21:08:45+00:00","breadcrumb":{"@id":"https:\/\/ws-ar.com\/index.php\/ups\/#breadcrumb"},"inLanguage":"en-US","potentialAction":[{"@type":"ReadAction","target":["https:\/\/ws-ar.com\/index.php\/ups\/"]}]},{"@type":"BreadcrumbList","@id":"https:\/\/ws-ar.com\/index.php\/ups\/#breadcrumb","itemListElement":[{"@type":"ListItem","position":1,"name":"Home","item":"https:\/\/ws-ar.com\/"},{"@type":"ListItem","position":2,"name":"UPS"}]},{"@type":"WebSite","@id":"https:\/\/ws-ar.com\/#website","url":"https:\/\/ws-ar.com\/","name":"Wave Services","description":"","publisher":{"@id":"https:\/\/ws-ar.com\/#organization"},"potentialAction":[{"@type":"SearchAction","target":{"@type":"EntryPoint","urlTemplate":"https:\/\/ws-ar.com\/?s={search_term_string}"},"query-input":"required name=search_term_string"}],"inLanguage":"en-US"},{"@type":"Organization","@id":"https:\/\/ws-ar.com\/#organization","name":"Wave Services","url":"https:\/\/ws-ar.com\/","logo":{"@type":"ImageObject","inLanguage":"en-US","@id":"https:\/\/ws-ar.com\/#\/schema\/logo\/image\/","url":"https:\/\/ws-ar.com\/wp-content\/uploads\/2023\/09\/Logo-WS.png","contentUrl":"https:\/\/ws-ar.com\/wp-content\/uploads\/2023\/09\/Logo-WS.png","width":214,"height":107,"caption":"Wave Services"},"image":{"@id":"https:\/\/ws-ar.com\/#\/schema\/logo\/image\/"}}]}},"_links":{"self":[{"href":"https:\/\/ws-ar.com\/index.php\/wp-json\/wp\/v2\/pages\/141"}],"collection":[{"href":"https:\/\/ws-ar.com\/index.php\/wp-json\/wp\/v2\/pages"}],"about":[{"href":"https:\/\/ws-ar.com\/index.php\/wp-json\/wp\/v2\/types\/page"}],"author":[{"embeddable":true,"href":"https:\/\/ws-ar.com\/index.php\/wp-json\/wp\/v2\/users\/1"}],"replies":[{"embeddable":true,"href":"https:\/\/ws-ar.com\/index.php\/wp-json\/wp\/v2\/comments?post=141"}],"version-history":[{"count":8,"href":"https:\/\/ws-ar.com\/index.php\/wp-json\/wp\/v2\/pages\/141\/revisions"}],"predecessor-version":[{"id":237,"href":"https:\/\/ws-ar.com\/index.php\/wp-json\/wp\/v2\/pages\/141\/revisions\/237"}],"wp:attachment":[{"href":"https:\/\/ws-ar.com\/index.php\/wp-json\/wp\/v2\/media?parent=141"}],"curies":[{"name":"wp","href":"https:\/\/api.w.org\/{rel}","templated":true}]}}