{"id":135,"date":"2023-10-07T15:16:09","date_gmt":"2023-10-07T15:16:09","guid":{"rendered":"https:\/\/ws-ar.com\/?page_id=135"},"modified":"2023-10-17T21:00:00","modified_gmt":"2023-10-17T21:00:00","slug":"controladores","status":"publish","type":"page","link":"https:\/\/ws-ar.com\/index.php\/controladores\/","title":{"rendered":"Controladores Aire Acondicionado"},"content":{"rendered":"\t\t<div data-elementor-type=\"wp-page\" data-elementor-id=\"135\" class=\"elementor elementor-135\" data-elementor-post-type=\"page\">\n\t\t\t\t\t\t\t\t\t<section class=\"elementor-section elementor-top-section elementor-element elementor-element-5bb6f491 elementor-section-boxed elementor-section-height-default elementor-section-height-default\" data-id=\"5bb6f491\" data-element_type=\"section\">\n\t\t\t\t\t\t<div class=\"elementor-container elementor-column-gap-default\">\n\t\t\t\t\t<div class=\"elementor-column elementor-col-50 elementor-top-column elementor-element elementor-element-5e31189c\" data-id=\"5e31189c\" data-element_type=\"column\">\n\t\t\t<div class=\"elementor-widget-wrap elementor-element-populated\">\n\t\t\t\t\t\t\t\t<div class=\"elementor-element elementor-element-67865cb1 elementor-widget elementor-widget-video\" data-id=\"67865cb1\" data-element_type=\"widget\" data-settings=\"{&quot;youtube_url&quot;:&quot;https:\\\/\\\/www.youtube.com\\\/watch?v=FC95YeooUkE&quot;,&quot;video_type&quot;:&quot;youtube&quot;,&quot;controls&quot;:&quot;yes&quot;}\" data-widget_type=\"video.default\">\n\t\t\t\t<div class=\"elementor-widget-container\">\n\t\t\t<style>\/*! elementor - v3.16.0 - 20-09-2023 *\/\n.elementor-widget-video .elementor-widget-container{overflow:hidden;transform:translateZ(0)}.elementor-widget-video .elementor-wrapper{aspect-ratio:var(--video-aspect-ratio)}.elementor-widget-video .elementor-wrapper iframe,.elementor-widget-video .elementor-wrapper video{height:100%;width:100%;display:flex;border:none;background-color:#000}@supports not (aspect-ratio:1\/1){.elementor-widget-video .elementor-wrapper{position:relative;overflow:hidden;height:0;padding-bottom:calc(100% \/ var(--video-aspect-ratio))}.elementor-widget-video .elementor-wrapper iframe,.elementor-widget-video .elementor-wrapper video{position:absolute;top:0;right:0;bottom:0;left:0}}.elementor-widget-video .elementor-open-inline .elementor-custom-embed-image-overlay{position:absolute;top:0;right:0;bottom:0;left:0;background-size:cover;background-position:50%}.elementor-widget-video .elementor-custom-embed-image-overlay{cursor:pointer;text-align:center}.elementor-widget-video .elementor-custom-embed-image-overlay:hover .elementor-custom-embed-play i{opacity:1}.elementor-widget-video .elementor-custom-embed-image-overlay img{display:block;width:100%;aspect-ratio:var(--video-aspect-ratio);-o-object-fit:cover;object-fit:cover;-o-object-position:center center;object-position:center center}@supports not (aspect-ratio:1\/1){.elementor-widget-video .elementor-custom-embed-image-overlay{position:relative;overflow:hidden;height:0;padding-bottom:calc(100% \/ var(--video-aspect-ratio))}.elementor-widget-video .elementor-custom-embed-image-overlay img{position:absolute;top:0;right:0;bottom:0;left:0}}.elementor-widget-video .e-hosted-video .elementor-video{-o-object-fit:cover;object-fit:cover}.e-con-inner>.elementor-widget-video,.e-con>.elementor-widget-video{width:var(--container-widget-width);--flex-grow:var(--container-widget-flex-grow)}<\/style>\t\t<div class=\"elementor-wrapper elementor-open-inline\">\n\t\t\t<div class=\"elementor-video\"><\/div>\t\t<\/div>\n\t\t\t\t<\/div>\n\t\t\t\t<\/div>\n\t\t\t\t\t<\/div>\n\t\t<\/div>\n\t\t\t\t<div class=\"elementor-column elementor-col-50 elementor-top-column elementor-element elementor-element-2bed9ab7\" data-id=\"2bed9ab7\" data-element_type=\"column\">\n\t\t\t<div class=\"elementor-widget-wrap elementor-element-populated\">\n\t\t\t\t\t\t\t\t<div class=\"elementor-element elementor-element-7a31e45e elementor-widget elementor-widget-heading\" data-id=\"7a31e45e\" data-element_type=\"widget\" data-widget_type=\"heading.default\">\n\t\t\t\t<div class=\"elementor-widget-container\">\n\t\t\t<style>\/*! elementor - v3.16.0 - 20-09-2023 *\/\n.elementor-heading-title{padding:0;margin:0;line-height:1}.elementor-widget-heading .elementor-heading-title[class*=elementor-size-]>a{color:inherit;font-size:inherit;line-height:inherit}.elementor-widget-heading .elementor-heading-title.elementor-size-small{font-size:15px}.elementor-widget-heading .elementor-heading-title.elementor-size-medium{font-size:19px}.elementor-widget-heading .elementor-heading-title.elementor-size-large{font-size:29px}.elementor-widget-heading .elementor-heading-title.elementor-size-xl{font-size:39px}.elementor-widget-heading .elementor-heading-title.elementor-size-xxl{font-size:59px}<\/style><h2 class=\"elementor-heading-title elementor-size-default\">IneControl 700<\/h2>\t\t<\/div>\n\t\t\t\t<\/div>\n\t\t\t\t<div class=\"elementor-element elementor-element-47ceb3cb elementor-widget elementor-widget-text-editor\" data-id=\"47ceb3cb\" data-element_type=\"widget\" data-widget_type=\"text-editor.default\">\n\t\t\t\t<div class=\"elementor-widget-container\">\n\t\t\t<style>\/*! elementor - v3.16.0 - 20-09-2023 *\/\n.elementor-widget-text-editor.elementor-drop-cap-view-stacked .elementor-drop-cap{background-color:#69727d;color:#fff}.elementor-widget-text-editor.elementor-drop-cap-view-framed .elementor-drop-cap{color:#69727d;border:3px solid;background-color:transparent}.elementor-widget-text-editor:not(.elementor-drop-cap-view-default) .elementor-drop-cap{margin-top:8px}.elementor-widget-text-editor:not(.elementor-drop-cap-view-default) .elementor-drop-cap-letter{width:1em;height:1em}.elementor-widget-text-editor .elementor-drop-cap{float:left;text-align:center;line-height:1;font-size:50px}.elementor-widget-text-editor .elementor-drop-cap-letter{display:inline-block}<\/style>\t\t\t\t<p class=\"Estilo5\"><span style=\"color: #555555;\">La l\u00ednea de productos <span class=\"Estilo70\">IneControl<\/span> es la generaci\u00f3n de soluciones de automatismo y de monitoreo, que cubre la necesidad de contar con una interfase amigable para el usuario mediante la implementaci\u00f3n de una interfase WEB.<\/span><\/p><p class=\"Estilo5\"><span style=\"color: #555555;\"><span class=\"Estilo69\">IneControl<\/span> puede incorporarse en su Empresa o en su Cliente para realizar las siguientes tareas:<\/span><\/p><div id=\"texto_central\" class=\"texto_central\"><ul><li style=\"list-style-type: none;\"><ul><li style=\"list-style-type: none;\"><ul><li style=\"list-style-type: none;\"><ul><li><span style=\"color: #555555;\">Secuenciado y Monitoreo de equipos de Aire Acondicionado.<\/span><\/li><li><span style=\"color: #555555;\">Monitoreo Web de temperatura y de humedad .<\/span><\/li><li><span style=\"color: #555555;\">Monitoreo Web de temperatura de c\u00e1maras frigor\u00edficas, heladeras y calderas.<\/span><\/li><li><span style=\"color: #555555;\">Interfase WEB para PLC o termostatos convencionales de Aire Acondicionado.<\/span><\/li><\/ul><\/li><\/ul><\/li><\/ul><\/li><\/ul><\/div>\t\t\t\t\t\t<\/div>\n\t\t\t\t<\/div>\n\t\t\t\t\t<\/div>\n\t\t<\/div>\n\t\t\t\t\t\t\t<\/div>\n\t\t<\/section>\n\t\t\t\t<section class=\"elementor-section elementor-top-section elementor-element elementor-element-3059d46d elementor-section-boxed elementor-section-height-default elementor-section-height-default\" data-id=\"3059d46d\" data-element_type=\"section\">\n\t\t\t\t\t\t<div class=\"elementor-container elementor-column-gap-default\">\n\t\t\t\t\t<div class=\"elementor-column elementor-col-50 elementor-top-column elementor-element elementor-element-21e1a561\" data-id=\"21e1a561\" data-element_type=\"column\">\n\t\t\t<div class=\"elementor-widget-wrap elementor-element-populated\">\n\t\t\t\t\t\t\t\t<div class=\"elementor-element elementor-element-515b299e elementor-widget elementor-widget-heading\" data-id=\"515b299e\" data-element_type=\"widget\" data-widget_type=\"heading.default\">\n\t\t\t\t<div class=\"elementor-widget-container\">\n\t\t\t<h2 class=\"elementor-heading-title elementor-size-default\">Secuenciador SA-712W-IR<\/h2>\t\t<\/div>\n\t\t\t\t<\/div>\n\t\t\t\t<div class=\"elementor-element elementor-element-20ab897a elementor-widget elementor-widget-text-editor\" data-id=\"20ab897a\" data-element_type=\"widget\" data-widget_type=\"text-editor.default\">\n\t\t\t\t<div class=\"elementor-widget-container\">\n\t\t\t\t\t\t\t<p class=\"Estilo5\"><span style=\"color: #555555;\">El controlador\u00a0<span class=\"Estilo69\">SA-700 W\u00a0<\/span>es una soluci\u00f3n que integra las prestaciones de automatismo y control provistas por los sistemas PLC, con la facilidad del monitoreo a traves de una interfase Web.<\/span><\/p><p class=\"Estilo5\"><span style=\"color: #555555;\"><span class=\"Estilo74\">SA-700 W\u00a0<\/span>Automatiza el secuenciado de unidades de aire acondicionado de sistemas de refrigeraci\u00f3n redundantes, logr\u00e1ndose de \u00e9sta manera un desgaste gradual y parejo de los equipos.<\/span><\/p><p class=\"Estilo5\"><span style=\"color: #555555;\">El controlador envia alertas via e-mail o por SNMP V1.<\/span><\/p>\t\t\t\t\t\t<\/div>\n\t\t\t\t<\/div>\n\t\t\t\t\t<\/div>\n\t\t<\/div>\n\t\t\t\t<div class=\"elementor-column elementor-col-50 elementor-top-column elementor-element elementor-element-593669df\" data-id=\"593669df\" data-element_type=\"column\">\n\t\t\t<div class=\"elementor-widget-wrap elementor-element-populated\">\n\t\t\t\t\t\t\t\t<div class=\"elementor-element elementor-element-2414e57e elementor-widget elementor-widget-image\" data-id=\"2414e57e\" data-element_type=\"widget\" data-widget_type=\"image.default\">\n\t\t\t\t<div class=\"elementor-widget-container\">\n\t\t\t<style>\/*! elementor - v3.16.0 - 20-09-2023 *\/\n.elementor-widget-image{text-align:center}.elementor-widget-image a{display:inline-block}.elementor-widget-image a img[src$=\".svg\"]{width:48px}.elementor-widget-image img{vertical-align:middle;display:inline-block}<\/style>\t\t\t\t\t\t\t\t\t\t\t\t<img decoding=\"async\" loading=\"lazy\" width=\"790\" height=\"423\" src=\"https:\/\/ws-ar.com\/wp-content\/uploads\/2023\/09\/inecow-1024x548.png\" class=\"attachment-large size-large wp-image-13\" alt=\"\" srcset=\"https:\/\/ws-ar.com\/wp-content\/uploads\/2023\/09\/inecow-1024x548.png 1024w, https:\/\/ws-ar.com\/wp-content\/uploads\/2023\/09\/inecow-300x161.png 300w, https:\/\/ws-ar.com\/wp-content\/uploads\/2023\/09\/inecow-768x411.png 768w, https:\/\/ws-ar.com\/wp-content\/uploads\/2023\/09\/inecow.png 1057w\" sizes=\"(max-width: 790px) 100vw, 790px\" \/>\t\t\t\t\t\t\t\t\t\t\t\t\t\t\t<\/div>\n\t\t\t\t<\/div>\n\t\t\t\t<div class=\"elementor-element elementor-element-6c96c7ca elementor-widget elementor-widget-text-editor\" data-id=\"6c96c7ca\" data-element_type=\"widget\" data-widget_type=\"text-editor.default\">\n\t\t\t\t<div class=\"elementor-widget-container\">\n\t\t\t\t\t\t\t<p style=\"text-align: center;\">(Interfaz web del usuario)<\/p>\t\t\t\t\t\t<\/div>\n\t\t\t\t<\/div>\n\t\t\t\t\t<\/div>\n\t\t<\/div>\n\t\t\t\t\t\t\t<\/div>\n\t\t<\/section>\n\t\t\t\t\t\t\t<\/div>\n\t\t","protected":false},"excerpt":{"rendered":"<p>IneControl 700 La l\u00ednea de productos IneControl es la generaci\u00f3n de soluciones de automatismo y de monitoreo, que cubre la necesidad de contar con una interfase amigable para el usuario mediante la implementaci\u00f3n de una interfase WEB. IneControl puede incorporarse en su Empresa o en su Cliente para realizar las&#8230;<\/p>\n","protected":false},"author":1,"featured_media":0,"parent":0,"menu_order":0,"comment_status":"closed","ping_status":"closed","template":"elementor_header_footer","meta":{"footnotes":""},"yoast_head":"<!-- This site is optimized with the Yoast SEO plugin v21.3 - https:\/\/yoast.com\/wordpress\/plugins\/seo\/ -->\n<title>Controladores Aire Acondicionado - Wave Services<\/title>\n<meta name=\"robots\" content=\"index, follow, max-snippet:-1, max-image-preview:large, max-video-preview:-1\" \/>\n<link rel=\"canonical\" href=\"https:\/\/ws-ar.com\/index.php\/controladores\/\" \/>\n<meta property=\"og:locale\" content=\"en_US\" \/>\n<meta property=\"og:type\" content=\"article\" \/>\n<meta property=\"og:title\" content=\"Controladores Aire Acondicionado - Wave Services\" \/>\n<meta property=\"og:description\" content=\"IneControl 700 La l\u00ednea de productos IneControl es la generaci\u00f3n de soluciones de automatismo y de monitoreo, que cubre la necesidad de contar con una interfase amigable para el usuario mediante la implementaci\u00f3n de una interfase WEB. IneControl puede incorporarse en su Empresa o en su Cliente para realizar las...\" \/>\n<meta property=\"og:url\" content=\"https:\/\/ws-ar.com\/index.php\/controladores\/\" \/>\n<meta property=\"og:site_name\" content=\"Wave Services\" \/>\n<meta property=\"article:modified_time\" content=\"2023-10-17T21:00:00+00:00\" \/>\n<meta property=\"og:image\" content=\"https:\/\/ws-ar.com\/wp-content\/uploads\/2023\/09\/inecow-1024x548.png\" \/>\n<meta name=\"twitter:card\" content=\"summary_large_image\" \/>\n<meta name=\"twitter:label1\" content=\"Est. reading time\" \/>\n\t<meta name=\"twitter:data1\" content=\"1 minute\" \/>\n<script type=\"application\/ld+json\" class=\"yoast-schema-graph\">{\"@context\":\"https:\/\/schema.org\",\"@graph\":[{\"@type\":\"WebPage\",\"@id\":\"https:\/\/ws-ar.com\/index.php\/controladores\/\",\"url\":\"https:\/\/ws-ar.com\/index.php\/controladores\/\",\"name\":\"Controladores Aire Acondicionado - Wave Services\",\"isPartOf\":{\"@id\":\"https:\/\/ws-ar.com\/#website\"},\"datePublished\":\"2023-10-07T15:16:09+00:00\",\"dateModified\":\"2023-10-17T21:00:00+00:00\",\"breadcrumb\":{\"@id\":\"https:\/\/ws-ar.com\/index.php\/controladores\/#breadcrumb\"},\"inLanguage\":\"en-US\",\"potentialAction\":[{\"@type\":\"ReadAction\",\"target\":[\"https:\/\/ws-ar.com\/index.php\/controladores\/\"]}]},{\"@type\":\"BreadcrumbList\",\"@id\":\"https:\/\/ws-ar.com\/index.php\/controladores\/#breadcrumb\",\"itemListElement\":[{\"@type\":\"ListItem\",\"position\":1,\"name\":\"Home\",\"item\":\"https:\/\/ws-ar.com\/\"},{\"@type\":\"ListItem\",\"position\":2,\"name\":\"Controladores Aire Acondicionado\"}]},{\"@type\":\"WebSite\",\"@id\":\"https:\/\/ws-ar.com\/#website\",\"url\":\"https:\/\/ws-ar.com\/\",\"name\":\"Wave Services\",\"description\":\"\",\"publisher\":{\"@id\":\"https:\/\/ws-ar.com\/#organization\"},\"potentialAction\":[{\"@type\":\"SearchAction\",\"target\":{\"@type\":\"EntryPoint\",\"urlTemplate\":\"https:\/\/ws-ar.com\/?s={search_term_string}\"},\"query-input\":\"required name=search_term_string\"}],\"inLanguage\":\"en-US\"},{\"@type\":\"Organization\",\"@id\":\"https:\/\/ws-ar.com\/#organization\",\"name\":\"Wave Services\",\"url\":\"https:\/\/ws-ar.com\/\",\"logo\":{\"@type\":\"ImageObject\",\"inLanguage\":\"en-US\",\"@id\":\"https:\/\/ws-ar.com\/#\/schema\/logo\/image\/\",\"url\":\"https:\/\/ws-ar.com\/wp-content\/uploads\/2023\/09\/Logo-WS.png\",\"contentUrl\":\"https:\/\/ws-ar.com\/wp-content\/uploads\/2023\/09\/Logo-WS.png\",\"width\":214,\"height\":107,\"caption\":\"Wave Services\"},\"image\":{\"@id\":\"https:\/\/ws-ar.com\/#\/schema\/logo\/image\/\"}}]}<\/script>\n<!-- \/ Yoast SEO plugin. -->","yoast_head_json":{"title":"Controladores Aire Acondicionado - Wave Services","robots":{"index":"index","follow":"follow","max-snippet":"max-snippet:-1","max-image-preview":"max-image-preview:large","max-video-preview":"max-video-preview:-1"},"canonical":"https:\/\/ws-ar.com\/index.php\/controladores\/","og_locale":"en_US","og_type":"article","og_title":"Controladores Aire Acondicionado - Wave Services","og_description":"IneControl 700 La l\u00ednea de productos IneControl es la generaci\u00f3n de soluciones de automatismo y de monitoreo, que cubre la necesidad de contar con una interfase amigable para el usuario mediante la implementaci\u00f3n de una interfase WEB. IneControl puede incorporarse en su Empresa o en su Cliente para realizar las...","og_url":"https:\/\/ws-ar.com\/index.php\/controladores\/","og_site_name":"Wave Services","article_modified_time":"2023-10-17T21:00:00+00:00","og_image":[{"url":"https:\/\/ws-ar.com\/wp-content\/uploads\/2023\/09\/inecow-1024x548.png"}],"twitter_card":"summary_large_image","twitter_misc":{"Est. reading time":"1 minute"},"schema":{"@context":"https:\/\/schema.org","@graph":[{"@type":"WebPage","@id":"https:\/\/ws-ar.com\/index.php\/controladores\/","url":"https:\/\/ws-ar.com\/index.php\/controladores\/","name":"Controladores Aire Acondicionado - Wave Services","isPartOf":{"@id":"https:\/\/ws-ar.com\/#website"},"datePublished":"2023-10-07T15:16:09+00:00","dateModified":"2023-10-17T21:00:00+00:00","breadcrumb":{"@id":"https:\/\/ws-ar.com\/index.php\/controladores\/#breadcrumb"},"inLanguage":"en-US","potentialAction":[{"@type":"ReadAction","target":["https:\/\/ws-ar.com\/index.php\/controladores\/"]}]},{"@type":"BreadcrumbList","@id":"https:\/\/ws-ar.com\/index.php\/controladores\/#breadcrumb","itemListElement":[{"@type":"ListItem","position":1,"name":"Home","item":"https:\/\/ws-ar.com\/"},{"@type":"ListItem","position":2,"name":"Controladores Aire Acondicionado"}]},{"@type":"WebSite","@id":"https:\/\/ws-ar.com\/#website","url":"https:\/\/ws-ar.com\/","name":"Wave Services","description":"","publisher":{"@id":"https:\/\/ws-ar.com\/#organization"},"potentialAction":[{"@type":"SearchAction","target":{"@type":"EntryPoint","urlTemplate":"https:\/\/ws-ar.com\/?s={search_term_string}"},"query-input":"required name=search_term_string"}],"inLanguage":"en-US"},{"@type":"Organization","@id":"https:\/\/ws-ar.com\/#organization","name":"Wave Services","url":"https:\/\/ws-ar.com\/","logo":{"@type":"ImageObject","inLanguage":"en-US","@id":"https:\/\/ws-ar.com\/#\/schema\/logo\/image\/","url":"https:\/\/ws-ar.com\/wp-content\/uploads\/2023\/09\/Logo-WS.png","contentUrl":"https:\/\/ws-ar.com\/wp-content\/uploads\/2023\/09\/Logo-WS.png","width":214,"height":107,"caption":"Wave Services"},"image":{"@id":"https:\/\/ws-ar.com\/#\/schema\/logo\/image\/"}}]}},"_links":{"self":[{"href":"https:\/\/ws-ar.com\/index.php\/wp-json\/wp\/v2\/pages\/135"}],"collection":[{"href":"https:\/\/ws-ar.com\/index.php\/wp-json\/wp\/v2\/pages"}],"about":[{"href":"https:\/\/ws-ar.com\/index.php\/wp-json\/wp\/v2\/types\/page"}],"author":[{"embeddable":true,"href":"https:\/\/ws-ar.com\/index.php\/wp-json\/wp\/v2\/users\/1"}],"replies":[{"embeddable":true,"href":"https:\/\/ws-ar.com\/index.php\/wp-json\/wp\/v2\/comments?post=135"}],"version-history":[{"count":8,"href":"https:\/\/ws-ar.com\/index.php\/wp-json\/wp\/v2\/pages\/135\/revisions"}],"predecessor-version":[{"id":219,"href":"https:\/\/ws-ar.com\/index.php\/wp-json\/wp\/v2\/pages\/135\/revisions\/219"}],"wp:attachment":[{"href":"https:\/\/ws-ar.com\/index.php\/wp-json\/wp\/v2\/media?parent=135"}],"curies":[{"name":"wp","href":"https:\/\/api.w.org\/{rel}","templated":true}]}}