{"id":131,"date":"2023-10-07T15:14:53","date_gmt":"2023-10-07T15:14:53","guid":{"rendered":"https:\/\/ws-ar.com\/?page_id=131"},"modified":"2023-10-17T21:01:05","modified_gmt":"2023-10-17T21:01:05","slug":"baterias","status":"publish","type":"page","link":"https:\/\/ws-ar.com\/index.php\/baterias\/","title":{"rendered":"Baterias"},"content":{"rendered":"\t\t<div data-elementor-type=\"wp-page\" data-elementor-id=\"131\" class=\"elementor elementor-131\" data-elementor-post-type=\"page\">\n\t\t\t\t\t\t\t\t\t<section class=\"elementor-section elementor-top-section elementor-element elementor-element-7576b2e elementor-section-boxed elementor-section-height-default elementor-section-height-default\" data-id=\"7576b2e\" data-element_type=\"section\">\n\t\t\t\t\t\t<div class=\"elementor-container elementor-column-gap-default\">\n\t\t\t\t\t<div class=\"elementor-column elementor-col-100 elementor-top-column elementor-element elementor-element-49fb7b45\" data-id=\"49fb7b45\" data-element_type=\"column\">\n\t\t\t<div class=\"elementor-widget-wrap elementor-element-populated\">\n\t\t\t\t\t\t\t\t<div class=\"elementor-element elementor-element-45dd6d2b elementor-widget elementor-widget-heading\" data-id=\"45dd6d2b\" data-element_type=\"widget\" data-widget_type=\"heading.default\">\n\t\t\t\t<div class=\"elementor-widget-container\">\n\t\t\t<style>\/*! elementor - v3.16.0 - 20-09-2023 *\/\n.elementor-heading-title{padding:0;margin:0;line-height:1}.elementor-widget-heading .elementor-heading-title[class*=elementor-size-]>a{color:inherit;font-size:inherit;line-height:inherit}.elementor-widget-heading .elementor-heading-title.elementor-size-small{font-size:15px}.elementor-widget-heading .elementor-heading-title.elementor-size-medium{font-size:19px}.elementor-widget-heading .elementor-heading-title.elementor-size-large{font-size:29px}.elementor-widget-heading .elementor-heading-title.elementor-size-xl{font-size:39px}.elementor-widget-heading .elementor-heading-title.elementor-size-xxl{font-size:59px}<\/style><h2 class=\"elementor-heading-title elementor-size-default\">Bater\u00edas<\/h2>\t\t<\/div>\n\t\t\t\t<\/div>\n\t\t\t\t\t<\/div>\n\t\t<\/div>\n\t\t\t\t\t\t\t<\/div>\n\t\t<\/section>\n\t\t\t\t<section class=\"elementor-section elementor-top-section elementor-element elementor-element-3c4630cc elementor-section-boxed elementor-section-height-default elementor-section-height-default\" data-id=\"3c4630cc\" data-element_type=\"section\">\n\t\t\t\t\t\t<div class=\"elementor-container elementor-column-gap-default\">\n\t\t\t\t\t<div class=\"elementor-column elementor-col-33 elementor-top-column elementor-element elementor-element-702426f7\" data-id=\"702426f7\" data-element_type=\"column\">\n\t\t\t<div class=\"elementor-widget-wrap elementor-element-populated\">\n\t\t\t\t\t\t\t\t<div class=\"elementor-element elementor-element-654886e4 elementor-cta--skin-classic elementor-animated-content elementor-bg-transform elementor-bg-transform-zoom-in elementor-widget elementor-widget-call-to-action\" data-id=\"654886e4\" data-element_type=\"widget\" data-widget_type=\"call-to-action.default\">\n\t\t\t\t<div class=\"elementor-widget-container\">\n\t\t\t<link rel=\"stylesheet\" href=\"https:\/\/ws-ar.com\/wp-content\/plugins\/elementor-pro\/assets\/css\/widget-call-to-action.min.css\">\t\t<div class=\"elementor-cta\">\n\t\t\t\t\t<div class=\"elementor-cta__bg-wrapper\">\n\t\t\t\t<div class=\"elementor-cta__bg elementor-bg\" style=\"background-image: url(https:\/\/ws-ar.com\/wp-content\/uploads\/2023\/09\/kaisegel.jpg);\" role=\"img\" aria-label=\"kaisegel\"><\/div>\n\t\t\t\t<div class=\"elementor-cta__bg-overlay\"><\/div>\n\t\t\t<\/div>\n\t\t\t\t\t\t\t<div class=\"elementor-cta__content\">\n\t\t\t\t\n\t\t\t\t\t\t\t\t\t<h2 class=\"elementor-cta__title elementor-cta__content-item elementor-content-item\">\n\t\t\t\t\t\tBater\u00edas de Plomo\t\t\t\t\t<\/h2>\n\t\t\t\t\n\t\t\t\t\t\t\t\t\t<div class=\"elementor-cta__description elementor-cta__content-item elementor-content-item\">\n\t\t\t\t\t\tTecnolog\u00eda VRLA - AGM, con\nuna vida \u00fatil de 3 a 5 a\u00f1os, utilizadas en sistemas UPS y telecomunicaciones.\t\t\t\t\t<\/div>\n\t\t\t\t\n\t\t\t\t\t\t\t\t\t<div class=\"elementor-cta__button-wrapper elementor-cta__content-item elementor-content-item \">\n\t\t\t\t\t<a class=\"elementor-cta__button elementor-button elementor-size-sm\" href=\"https:\/\/kaise.es\/kaise-standard\/\">\n\t\t\t\t\t\tMas Informaci\u00f3n\t\t\t\t\t<\/a>\n\t\t\t\t\t<\/div>\n\t\t\t\t\t\t\t<\/div>\n\t\t\t\t\t\t<\/div>\n\t\t\t\t<\/div>\n\t\t\t\t<\/div>\n\t\t\t\t\t<\/div>\n\t\t<\/div>\n\t\t\t\t<div class=\"elementor-column elementor-col-33 elementor-top-column elementor-element elementor-element-35206545\" data-id=\"35206545\" data-element_type=\"column\">\n\t\t\t<div class=\"elementor-widget-wrap elementor-element-populated\">\n\t\t\t\t\t\t\t\t<div class=\"elementor-element elementor-element-49b96efc elementor-cta--skin-classic elementor-animated-content elementor-bg-transform elementor-bg-transform-zoom-in elementor-widget elementor-widget-call-to-action\" data-id=\"49b96efc\" data-element_type=\"widget\" data-widget_type=\"call-to-action.default\">\n\t\t\t\t<div class=\"elementor-widget-container\">\n\t\t\t\t\t<div class=\"elementor-cta\">\n\t\t\t\t\t<div class=\"elementor-cta__bg-wrapper\">\n\t\t\t\t<div class=\"elementor-cta__bg elementor-bg\" style=\"background-image: url(https:\/\/ws-ar.com\/wp-content\/uploads\/2023\/09\/kaiselitio.jpg);\" role=\"img\" aria-label=\"kaiselitio\"><\/div>\n\t\t\t\t<div class=\"elementor-cta__bg-overlay\"><\/div>\n\t\t\t<\/div>\n\t\t\t\t\t\t\t<div class=\"elementor-cta__content\">\n\t\t\t\t\n\t\t\t\t\t\t\t\t\t<h2 class=\"elementor-cta__title elementor-cta__content-item elementor-content-item\">\n\t\t\t\t\t\tBater\u00edas de Litio\t\t\t\t\t<\/h2>\n\t\t\t\t\n\t\t\t\t\t\t\t\t\t<div class=\"elementor-cta__description elementor-cta__content-item elementor-content-item\">\n\t\t\t\t\t\tCantidad de ciclos de descarga 20 veces mayor a las convencionales, y 5 a\u00f1os mas de vida \u00fatil a carga de flote.\t\t\t\t\t<\/div>\n\t\t\t\t\n\t\t\t\t\t\t\t\t\t<div class=\"elementor-cta__button-wrapper elementor-cta__content-item elementor-content-item \">\n\t\t\t\t\t<a class=\"elementor-cta__button elementor-button elementor-size-sm\" href=\"https:\/\/kaise.es\/kaise-litio\/\">\n\t\t\t\t\t\tMas Informaci\u00f3n\t\t\t\t\t<\/a>\n\t\t\t\t\t<\/div>\n\t\t\t\t\t\t\t<\/div>\n\t\t\t\t\t\t<\/div>\n\t\t\t\t<\/div>\n\t\t\t\t<\/div>\n\t\t\t\t\t<\/div>\n\t\t<\/div>\n\t\t\t\t<div class=\"elementor-column elementor-col-33 elementor-top-column elementor-element elementor-element-49d3fc5b\" data-id=\"49d3fc5b\" data-element_type=\"column\">\n\t\t\t<div class=\"elementor-widget-wrap elementor-element-populated\">\n\t\t\t\t\t\t\t\t<div class=\"elementor-element elementor-element-53e037e7 elementor-cta--skin-classic elementor-animated-content elementor-bg-transform elementor-bg-transform-zoom-in elementor-widget elementor-widget-call-to-action\" data-id=\"53e037e7\" data-element_type=\"widget\" data-widget_type=\"call-to-action.default\">\n\t\t\t\t<div class=\"elementor-widget-container\">\n\t\t\t\t\t<div class=\"elementor-cta\">\n\t\t\t\t\t<div class=\"elementor-cta__bg-wrapper\">\n\t\t\t\t<div class=\"elementor-cta__bg elementor-bg\" style=\"background-image: url(https:\/\/ws-ar.com\/wp-content\/uploads\/2023\/09\/kaisesolar.jpg);\" role=\"img\" aria-label=\"kaisesolar\"><\/div>\n\t\t\t\t<div class=\"elementor-cta__bg-overlay\"><\/div>\n\t\t\t<\/div>\n\t\t\t\t\t\t\t<div class=\"elementor-cta__content\">\n\t\t\t\t\n\t\t\t\t\t\t\t\t\t<h2 class=\"elementor-cta__title elementor-cta__content-item elementor-content-item\">\n\t\t\t\t\t\tBater\u00edas Solares\t\t\t\t\t<\/h2>\n\t\t\t\t\n\t\t\t\t\t\t\t\t\t<div class=\"elementor-cta__description elementor-cta__content-item elementor-content-item\">\n\t\t\t\t\t\tDestacadas por mantener una temperatura mas baja y ralentizar la velocidad de corrosi\u00f3n.\t\t\t\t\t<\/div>\n\t\t\t\t\n\t\t\t\t\t\t\t\t\t<div class=\"elementor-cta__button-wrapper elementor-cta__content-item elementor-content-item \">\n\t\t\t\t\t<a class=\"elementor-cta__button elementor-button elementor-size-sm\" href=\"https:\/\/kaise.es\/kaise-solar-agm\/\">\n\t\t\t\t\t\tMas Informaci\u00f3n\t\t\t\t\t<\/a>\n\t\t\t\t\t<\/div>\n\t\t\t\t\t\t\t<\/div>\n\t\t\t\t\t\t<\/div>\n\t\t\t\t<\/div>\n\t\t\t\t<\/div>\n\t\t\t\t\t<\/div>\n\t\t<\/div>\n\t\t\t\t\t\t\t<\/div>\n\t\t<\/section>\n\t\t\t\t\t\t\t<\/div>\n\t\t","protected":false},"excerpt":{"rendered":"<p>Bater\u00edas Bater\u00edas de Plomo Tecnolog\u00eda VRLA &#8211; AGM, con una vida \u00fatil de 3 a 5 a\u00f1os, utilizadas en sistemas UPS y telecomunicaciones. Mas Informaci\u00f3n Bater\u00edas de Litio Cantidad de ciclos de descarga 20 veces mayor a las convencionales, y 5 a\u00f1os mas de vida \u00fatil a carga de flote&#8230;.<\/p>\n","protected":false},"author":1,"featured_media":0,"parent":0,"menu_order":0,"comment_status":"closed","ping_status":"closed","template":"elementor_header_footer","meta":{"footnotes":""},"yoast_head":"<!-- This site is optimized with the Yoast SEO plugin v21.3 - https:\/\/yoast.com\/wordpress\/plugins\/seo\/ -->\n<title>Baterias - Wave Services<\/title>\n<meta name=\"robots\" content=\"index, follow, max-snippet:-1, max-image-preview:large, max-video-preview:-1\" \/>\n<link rel=\"canonical\" href=\"https:\/\/ws-ar.com\/index.php\/baterias\/\" \/>\n<meta property=\"og:locale\" content=\"en_US\" \/>\n<meta property=\"og:type\" content=\"article\" \/>\n<meta property=\"og:title\" content=\"Baterias - Wave Services\" \/>\n<meta property=\"og:description\" content=\"Bater\u00edas Bater\u00edas de Plomo Tecnolog\u00eda VRLA &#8211; AGM, con una vida \u00fatil de 3 a 5 a\u00f1os, utilizadas en sistemas UPS y telecomunicaciones. Mas Informaci\u00f3n Bater\u00edas de Litio Cantidad de ciclos de descarga 20 veces mayor a las convencionales, y 5 a\u00f1os mas de vida \u00fatil a carga de flote....\" \/>\n<meta property=\"og:url\" content=\"https:\/\/ws-ar.com\/index.php\/baterias\/\" \/>\n<meta property=\"og:site_name\" content=\"Wave Services\" \/>\n<meta property=\"article:modified_time\" content=\"2023-10-17T21:01:05+00:00\" \/>\n<meta name=\"twitter:card\" content=\"summary_large_image\" \/>\n<meta name=\"twitter:label1\" content=\"Est. reading time\" \/>\n\t<meta name=\"twitter:data1\" content=\"1 minute\" \/>\n<script type=\"application\/ld+json\" class=\"yoast-schema-graph\">{\"@context\":\"https:\/\/schema.org\",\"@graph\":[{\"@type\":\"WebPage\",\"@id\":\"https:\/\/ws-ar.com\/index.php\/baterias\/\",\"url\":\"https:\/\/ws-ar.com\/index.php\/baterias\/\",\"name\":\"Baterias - Wave Services\",\"isPartOf\":{\"@id\":\"https:\/\/ws-ar.com\/#website\"},\"datePublished\":\"2023-10-07T15:14:53+00:00\",\"dateModified\":\"2023-10-17T21:01:05+00:00\",\"breadcrumb\":{\"@id\":\"https:\/\/ws-ar.com\/index.php\/baterias\/#breadcrumb\"},\"inLanguage\":\"en-US\",\"potentialAction\":[{\"@type\":\"ReadAction\",\"target\":[\"https:\/\/ws-ar.com\/index.php\/baterias\/\"]}]},{\"@type\":\"BreadcrumbList\",\"@id\":\"https:\/\/ws-ar.com\/index.php\/baterias\/#breadcrumb\",\"itemListElement\":[{\"@type\":\"ListItem\",\"position\":1,\"name\":\"Home\",\"item\":\"https:\/\/ws-ar.com\/\"},{\"@type\":\"ListItem\",\"position\":2,\"name\":\"Baterias\"}]},{\"@type\":\"WebSite\",\"@id\":\"https:\/\/ws-ar.com\/#website\",\"url\":\"https:\/\/ws-ar.com\/\",\"name\":\"Wave Services\",\"description\":\"\",\"publisher\":{\"@id\":\"https:\/\/ws-ar.com\/#organization\"},\"potentialAction\":[{\"@type\":\"SearchAction\",\"target\":{\"@type\":\"EntryPoint\",\"urlTemplate\":\"https:\/\/ws-ar.com\/?s={search_term_string}\"},\"query-input\":\"required name=search_term_string\"}],\"inLanguage\":\"en-US\"},{\"@type\":\"Organization\",\"@id\":\"https:\/\/ws-ar.com\/#organization\",\"name\":\"Wave Services\",\"url\":\"https:\/\/ws-ar.com\/\",\"logo\":{\"@type\":\"ImageObject\",\"inLanguage\":\"en-US\",\"@id\":\"https:\/\/ws-ar.com\/#\/schema\/logo\/image\/\",\"url\":\"https:\/\/ws-ar.com\/wp-content\/uploads\/2023\/09\/Logo-WS.png\",\"contentUrl\":\"https:\/\/ws-ar.com\/wp-content\/uploads\/2023\/09\/Logo-WS.png\",\"width\":214,\"height\":107,\"caption\":\"Wave Services\"},\"image\":{\"@id\":\"https:\/\/ws-ar.com\/#\/schema\/logo\/image\/\"}}]}<\/script>\n<!-- \/ Yoast SEO plugin. -->","yoast_head_json":{"title":"Baterias - Wave Services","robots":{"index":"index","follow":"follow","max-snippet":"max-snippet:-1","max-image-preview":"max-image-preview:large","max-video-preview":"max-video-preview:-1"},"canonical":"https:\/\/ws-ar.com\/index.php\/baterias\/","og_locale":"en_US","og_type":"article","og_title":"Baterias - Wave Services","og_description":"Bater\u00edas Bater\u00edas de Plomo Tecnolog\u00eda VRLA &#8211; AGM, con una vida \u00fatil de 3 a 5 a\u00f1os, utilizadas en sistemas UPS y telecomunicaciones. Mas Informaci\u00f3n Bater\u00edas de Litio Cantidad de ciclos de descarga 20 veces mayor a las convencionales, y 5 a\u00f1os mas de vida \u00fatil a carga de flote....","og_url":"https:\/\/ws-ar.com\/index.php\/baterias\/","og_site_name":"Wave Services","article_modified_time":"2023-10-17T21:01:05+00:00","twitter_card":"summary_large_image","twitter_misc":{"Est. reading time":"1 minute"},"schema":{"@context":"https:\/\/schema.org","@graph":[{"@type":"WebPage","@id":"https:\/\/ws-ar.com\/index.php\/baterias\/","url":"https:\/\/ws-ar.com\/index.php\/baterias\/","name":"Baterias - Wave Services","isPartOf":{"@id":"https:\/\/ws-ar.com\/#website"},"datePublished":"2023-10-07T15:14:53+00:00","dateModified":"2023-10-17T21:01:05+00:00","breadcrumb":{"@id":"https:\/\/ws-ar.com\/index.php\/baterias\/#breadcrumb"},"inLanguage":"en-US","potentialAction":[{"@type":"ReadAction","target":["https:\/\/ws-ar.com\/index.php\/baterias\/"]}]},{"@type":"BreadcrumbList","@id":"https:\/\/ws-ar.com\/index.php\/baterias\/#breadcrumb","itemListElement":[{"@type":"ListItem","position":1,"name":"Home","item":"https:\/\/ws-ar.com\/"},{"@type":"ListItem","position":2,"name":"Baterias"}]},{"@type":"WebSite","@id":"https:\/\/ws-ar.com\/#website","url":"https:\/\/ws-ar.com\/","name":"Wave Services","description":"","publisher":{"@id":"https:\/\/ws-ar.com\/#organization"},"potentialAction":[{"@type":"SearchAction","target":{"@type":"EntryPoint","urlTemplate":"https:\/\/ws-ar.com\/?s={search_term_string}"},"query-input":"required name=search_term_string"}],"inLanguage":"en-US"},{"@type":"Organization","@id":"https:\/\/ws-ar.com\/#organization","name":"Wave Services","url":"https:\/\/ws-ar.com\/","logo":{"@type":"ImageObject","inLanguage":"en-US","@id":"https:\/\/ws-ar.com\/#\/schema\/logo\/image\/","url":"https:\/\/ws-ar.com\/wp-content\/uploads\/2023\/09\/Logo-WS.png","contentUrl":"https:\/\/ws-ar.com\/wp-content\/uploads\/2023\/09\/Logo-WS.png","width":214,"height":107,"caption":"Wave Services"},"image":{"@id":"https:\/\/ws-ar.com\/#\/schema\/logo\/image\/"}}]}},"_links":{"self":[{"href":"https:\/\/ws-ar.com\/index.php\/wp-json\/wp\/v2\/pages\/131"}],"collection":[{"href":"https:\/\/ws-ar.com\/index.php\/wp-json\/wp\/v2\/pages"}],"about":[{"href":"https:\/\/ws-ar.com\/index.php\/wp-json\/wp\/v2\/types\/page"}],"author":[{"embeddable":true,"href":"https:\/\/ws-ar.com\/index.php\/wp-json\/wp\/v2\/users\/1"}],"replies":[{"embeddable":true,"href":"https:\/\/ws-ar.com\/index.php\/wp-json\/wp\/v2\/comments?post=131"}],"version-history":[{"count":8,"href":"https:\/\/ws-ar.com\/index.php\/wp-json\/wp\/v2\/pages\/131\/revisions"}],"predecessor-version":[{"id":222,"href":"https:\/\/ws-ar.com\/index.php\/wp-json\/wp\/v2\/pages\/131\/revisions\/222"}],"wp:attachment":[{"href":"https:\/\/ws-ar.com\/index.php\/wp-json\/wp\/v2\/media?parent=131"}],"curies":[{"name":"wp","href":"https:\/\/api.w.org\/{rel}","templated":true}]}}